{"id":1118,"date":"2024-06-17T22:22:59","date_gmt":"2024-06-18T01:22:59","guid":{"rendered":"https:\/\/electroeficiencia.cl\/?page_id=1118"},"modified":"2024-07-23T21:46:25","modified_gmt":"2024-07-24T00:46:25","slug":"proyectos","status":"publish","type":"page","link":"https:\/\/electroeficiencia.cl\/index.php\/proyectos\/","title":{"rendered":"PROYECTOS"},"content":{"rendered":"\t\t<div data-elementor-type=\"wp-page\" data-elementor-id=\"1118\" class=\"elementor elementor-1118\" data-elementor-post-type=\"page\">\n\t\t\t\t<div class=\"elementor-element elementor-element-2610fa6 e-flex e-con-boxed e-con e-parent\" data-id=\"2610fa6\" data-element_type=\"container\" data-e-type=\"container\" data-settings=\"{&quot;background_background&quot;:&quot;classic&quot;}\">\n\t\t\t\t\t<div class=\"e-con-inner\">\n\t\t\t\t<div class=\"elementor-element elementor-element-fe42dae elementor-widget elementor-widget-spacer\" data-id=\"fe42dae\" data-element_type=\"widget\" data-e-type=\"widget\" data-widget_type=\"spacer.default\">\n\t\t\t\t<div class=\"elementor-widget-container\">\n\t\t\t\t\t\t\t<div class=\"elementor-spacer\">\n\t\t\t<div class=\"elementor-spacer-inner\"><\/div>\n\t\t<\/div>\n\t\t\t\t\t\t<\/div>\n\t\t\t\t<\/div>\n\t\t\t\t<div class=\"elementor-element elementor-element-6603a55c elementor-widget elementor-widget-heading\" data-id=\"6603a55c\" data-element_type=\"widget\" data-e-type=\"widget\" data-widget_type=\"heading.default\">\n\t\t\t\t<div class=\"elementor-widget-container\">\n\t\t\t\t\t<h1 class=\"elementor-heading-title elementor-size-default\">\u00bfTienes un Proyecto?<\/h1>\t\t\t\t<\/div>\n\t\t\t\t<\/div>\n\t\t\t\t<div class=\"elementor-element elementor-element-78dc94a elementor-widget elementor-widget-spacer\" data-id=\"78dc94a\" data-element_type=\"widget\" data-e-type=\"widget\" data-widget_type=\"spacer.default\">\n\t\t\t\t<div class=\"elementor-widget-container\">\n\t\t\t\t\t\t\t<div class=\"elementor-spacer\">\n\t\t\t<div class=\"elementor-spacer-inner\"><\/div>\n\t\t<\/div>\n\t\t\t\t\t\t<\/div>\n\t\t\t\t<\/div>\n\t\t\t\t\t<\/div>\n\t\t\t\t<\/div>\n\t\t<div class=\"elementor-element elementor-element-da013df animated-slow e-flex e-con-boxed elementor-invisible e-con e-parent\" data-id=\"da013df\" data-element_type=\"container\" data-e-type=\"container\" data-settings=\"{&quot;animation&quot;:&quot;zoomIn&quot;}\">\n\t\t\t\t\t<div class=\"e-con-inner\">\n\t\t<div class=\"elementor-element elementor-element-527e9cb e-con-full e-flex e-con e-child\" data-id=\"527e9cb\" data-element_type=\"container\" data-e-type=\"container\">\n\t\t\t\t<div class=\"elementor-element elementor-element-06963c0 elementor-widget elementor-widget-image\" data-id=\"06963c0\" data-element_type=\"widget\" data-e-type=\"widget\" data-widget_type=\"image.default\">\n\t\t\t\t<div class=\"elementor-widget-container\">\n\t\t\t\t\t\t\t\t\t\t\t\t\t\t\t<img fetchpriority=\"high\" decoding=\"async\" width=\"1024\" height=\"1024\" src=\"https:\/\/electroeficiencia.cl\/wp-content\/uploads\/2024\/07\/img-electroeficiencia-home-21-1024x1024.jpg\" class=\"attachment-large size-large wp-image-1675\" alt=\"\" srcset=\"https:\/\/electroeficiencia.cl\/wp-content\/uploads\/2024\/07\/img-electroeficiencia-home-21-1024x1024.jpg 1024w, https:\/\/electroeficiencia.cl\/wp-content\/uploads\/2024\/07\/img-electroeficiencia-home-21-300x300.jpg 300w, https:\/\/electroeficiencia.cl\/wp-content\/uploads\/2024\/07\/img-electroeficiencia-home-21-100x100.jpg 100w, https:\/\/electroeficiencia.cl\/wp-content\/uploads\/2024\/07\/img-electroeficiencia-home-21-600x600.jpg 600w, https:\/\/electroeficiencia.cl\/wp-content\/uploads\/2024\/07\/img-electroeficiencia-home-21-64x64.jpg 64w, https:\/\/electroeficiencia.cl\/wp-content\/uploads\/2024\/07\/img-electroeficiencia-home-21-150x150.jpg 150w, https:\/\/electroeficiencia.cl\/wp-content\/uploads\/2024\/07\/img-electroeficiencia-home-21-768x768.jpg 768w, https:\/\/electroeficiencia.cl\/wp-content\/uploads\/2024\/07\/img-electroeficiencia-home-21-1536x1536.jpg 1536w, https:\/\/electroeficiencia.cl\/wp-content\/uploads\/2024\/07\/img-electroeficiencia-home-21.jpg 1667w\" sizes=\"(max-width: 1024px) 100vw, 1024px\" \/>\t\t\t\t\t\t\t\t\t\t\t\t\t\t\t<\/div>\n\t\t\t\t<\/div>\n\t\t\t\t<\/div>\n\t\t<div class=\"elementor-element elementor-element-737181f e-con-full e-flex e-con e-child\" data-id=\"737181f\" data-element_type=\"container\" data-e-type=\"container\">\n\t\t\t\t<div class=\"elementor-element elementor-element-b3b6206 elementor-widget elementor-widget-heading\" data-id=\"b3b6206\" data-element_type=\"widget\" data-e-type=\"widget\" data-widget_type=\"heading.default\">\n\t\t\t\t<div class=\"elementor-widget-container\">\n\t\t\t\t\t<h2 class=\"elementor-heading-title elementor-size-default\">\u00bfTienes un proyecto?<\/h2>\t\t\t\t<\/div>\n\t\t\t\t<\/div>\n\t\t\t\t<div class=\"elementor-element elementor-element-cf76803 elementor-widget elementor-widget-text-editor\" data-id=\"cf76803\" data-element_type=\"widget\" data-e-type=\"widget\" data-widget_type=\"text-editor.default\">\n\t\t\t\t<div class=\"elementor-widget-container\">\n\t\t\t\t\t\t\t\t\t<p>Tienes un proyecto y necesitas apoyo en concretarlo. En Electroeficiencia te apoyamos y te brindamos un servicio a tu medida.<\/p><p>Es una empresa dedicada a la importaci\u00f3n y exportaci\u00f3n de productos con la mejor tecnolog\u00eda LED con garant\u00eda en todos ellos.<\/p>\t\t\t\t\t\t\t\t<\/div>\n\t\t\t\t<\/div>\n\t\t\t\t<\/div>\n\t\t\t\t\t<\/div>\n\t\t\t\t<\/div>\n\t\t<div class=\"elementor-element elementor-element-5c6f720a animated-slow e-flex e-con-boxed elementor-invisible e-con e-parent\" data-id=\"5c6f720a\" data-element_type=\"container\" data-e-type=\"container\" data-settings=\"{&quot;animation&quot;:&quot;zoomIn&quot;,&quot;animation_delay&quot;:100}\">\n\t\t\t\t\t<div class=\"e-con-inner\">\n\t\t<div class=\"elementor-element elementor-element-7ae22d07 e-con-full e-flex e-con e-child\" data-id=\"7ae22d07\" data-element_type=\"container\" data-e-type=\"container\">\n\t\t\t\t<div class=\"elementor-element elementor-element-66795d7b elementor-widget elementor-widget-image\" data-id=\"66795d7b\" data-element_type=\"widget\" data-e-type=\"widget\" data-widget_type=\"image.default\">\n\t\t\t\t<div class=\"elementor-widget-container\">\n\t\t\t\t\t\t\t\t\t\t\t\t\t\t\t<img decoding=\"async\" width=\"1024\" height=\"1024\" src=\"https:\/\/electroeficiencia.cl\/wp-content\/uploads\/2024\/07\/proyectos-electroeficiencia-23-1024x1024.jpg\" class=\"attachment-large size-large wp-image-2212\" alt=\"\" srcset=\"https:\/\/electroeficiencia.cl\/wp-content\/uploads\/2024\/07\/proyectos-electroeficiencia-23-1024x1024.jpg 1024w, https:\/\/electroeficiencia.cl\/wp-content\/uploads\/2024\/07\/proyectos-electroeficiencia-23-300x300.jpg 300w, https:\/\/electroeficiencia.cl\/wp-content\/uploads\/2024\/07\/proyectos-electroeficiencia-23-100x100.jpg 100w, https:\/\/electroeficiencia.cl\/wp-content\/uploads\/2024\/07\/proyectos-electroeficiencia-23-600x600.jpg 600w, https:\/\/electroeficiencia.cl\/wp-content\/uploads\/2024\/07\/proyectos-electroeficiencia-23-64x64.jpg 64w, https:\/\/electroeficiencia.cl\/wp-content\/uploads\/2024\/07\/proyectos-electroeficiencia-23-150x150.jpg 150w, https:\/\/electroeficiencia.cl\/wp-content\/uploads\/2024\/07\/proyectos-electroeficiencia-23-768x768.jpg 768w, https:\/\/electroeficiencia.cl\/wp-content\/uploads\/2024\/07\/proyectos-electroeficiencia-23-1536x1536.jpg 1536w, https:\/\/electroeficiencia.cl\/wp-content\/uploads\/2024\/07\/proyectos-electroeficiencia-23.jpg 1667w\" sizes=\"(max-width: 1024px) 100vw, 1024px\" \/>\t\t\t\t\t\t\t\t\t\t\t\t\t\t\t<\/div>\n\t\t\t\t<\/div>\n\t\t\t\t<\/div>\n\t\t<div class=\"elementor-element elementor-element-867ac75 e-con-full e-flex e-con e-child\" data-id=\"867ac75\" data-element_type=\"container\" data-e-type=\"container\">\n\t\t\t\t<div class=\"elementor-element elementor-element-3edc7562 elementor-widget elementor-widget-heading\" data-id=\"3edc7562\" data-element_type=\"widget\" data-e-type=\"widget\" data-widget_type=\"heading.default\">\n\t\t\t\t<div class=\"elementor-widget-container\">\n\t\t\t\t\t<h2 class=\"elementor-heading-title elementor-size-default\">Proyectos<\/h2>\t\t\t\t<\/div>\n\t\t\t\t<\/div>\n\t\t\t\t<div class=\"elementor-element elementor-element-2fad1952 elementor-widget elementor-widget-text-editor\" data-id=\"2fad1952\" data-element_type=\"widget\" data-e-type=\"widget\" data-widget_type=\"text-editor.default\">\n\t\t\t\t<div class=\"elementor-widget-container\">\n\t\t\t\t\t\t\t\t\t<p>A lo largo de nuestra trayectoria, hemos completado con \u00e9xito numerosos proyectos, desde peque\u00f1as instalaciones residenciales hasta grandes desarrollos comerciales e industriales. Nuestra experiencia y dedicaci\u00f3n se reflejan en cada obra, consolidando nuestra reputaci\u00f3n de calidad y confianza.<\/p>\t\t\t\t\t\t\t\t<\/div>\n\t\t\t\t<\/div>\n\t\t\t\t<\/div>\n\t\t\t\t\t<\/div>\n\t\t\t\t<\/div>\n\t\t<div class=\"elementor-element elementor-element-74b992 animated-slow e-flex e-con-boxed elementor-invisible e-con e-parent\" data-id=\"74b992\" data-element_type=\"container\" data-e-type=\"container\" data-settings=\"{&quot;animation&quot;:&quot;zoomIn&quot;}\">\n\t\t\t\t\t<div class=\"e-con-inner\">\n\t\t<div class=\"elementor-element elementor-element-72fe326d e-con-full e-flex e-con e-child\" data-id=\"72fe326d\" data-element_type=\"container\" data-e-type=\"container\">\n\t\t\t\t<div class=\"elementor-element elementor-element-1dbde88e elementor-widget elementor-widget-heading\" data-id=\"1dbde88e\" data-element_type=\"widget\" data-e-type=\"widget\" data-widget_type=\"heading.default\">\n\t\t\t\t<div class=\"elementor-widget-container\">\n\t\t\t\t\t<h2 class=\"elementor-heading-title elementor-size-default\">Cont\u00e1ctenos<\/h2>\t\t\t\t<\/div>\n\t\t\t\t<\/div>\n\t\t\t\t<div class=\"elementor-element elementor-element-30de81f7 elementor-widget elementor-widget-text-editor\" data-id=\"30de81f7\" data-element_type=\"widget\" data-e-type=\"widget\" data-widget_type=\"text-editor.default\">\n\t\t\t\t<div class=\"elementor-widget-container\">\n\t\t\t\t\t\t\t\t\t<p>Para m\u00e1s informaci\u00f3n sobre nuestros productos y servicios, no dude en contactarnos. Estamos aqu\u00ed para iluminar su camino hacia un futuro m\u00e1s brillante\u00a0y\u00a0eficiente.<\/p>\t\t\t\t\t\t\t\t<\/div>\n\t\t\t\t<\/div>\n\t\t\t\t<\/div>\n\t\t<div class=\"elementor-element elementor-element-7c71d3e8 e-con-full e-flex e-con e-child\" data-id=\"7c71d3e8\" data-element_type=\"container\" data-e-type=\"container\">\n\t\t\t\t<\/div>\n\t\t\t\t\t<\/div>\n\t\t\t\t<\/div>\n\t\t\t\t<\/div>\n\t\t","protected":false},"excerpt":{"rendered":"<p>\u00bfTienes un Proyecto? \u00bfTienes un proyecto? Tienes un proyecto y necesitas apoyo en concretarlo. En Electroeficiencia te apoyamos y te brindamos un servicio a tu medida. Es una empresa dedicada a la importaci\u00f3n y exportaci\u00f3n de productos con la mejor tecnolog\u00eda LED con garant\u00eda en todos ellos. Proyectos A lo largo de nuestra trayectoria, hemos&#8230;<\/p>\n","protected":false},"author":1,"featured_media":0,"parent":0,"menu_order":0,"comment_status":"closed","ping_status":"closed","template":"elementor_header_footer","meta":{"_kad_post_transparent":"","_kad_post_title":"hide","_kad_post_layout":"fullwidth","_kad_post_sidebar_id":"","_kad_post_content_style":"unboxed","_kad_post_vertical_padding":"hide","_kad_post_feature":"hide","_kad_post_feature_position":"","_kad_post_header":false,"_kad_post_footer":false,"_kad_post_classname":"","_joinchat":[],"footnotes":""},"class_list":["post-1118","page","type-page","status-publish","hentry"],"_links":{"self":[{"href":"https:\/\/electroeficiencia.cl\/index.php\/wp-json\/wp\/v2\/pages\/1118","targetHints":{"allow":["GET"]}}],"collection":[{"href":"https:\/\/electroeficiencia.cl\/index.php\/wp-json\/wp\/v2\/pages"}],"about":[{"href":"https:\/\/electroeficiencia.cl\/index.php\/wp-json\/wp\/v2\/types\/page"}],"author":[{"embeddable":true,"href":"https:\/\/electroeficiencia.cl\/index.php\/wp-json\/wp\/v2\/users\/1"}],"replies":[{"embeddable":true,"href":"https:\/\/electroeficiencia.cl\/index.php\/wp-json\/wp\/v2\/comments?post=1118"}],"version-history":[{"count":26,"href":"https:\/\/electroeficiencia.cl\/index.php\/wp-json\/wp\/v2\/pages\/1118\/revisions"}],"predecessor-version":[{"id":2451,"href":"https:\/\/electroeficiencia.cl\/index.php\/wp-json\/wp\/v2\/pages\/1118\/revisions\/2451"}],"wp:attachment":[{"href":"https:\/\/electroeficiencia.cl\/index.php\/wp-json\/wp\/v2\/media?parent=1118"}],"curies":[{"name":"wp","href":"https:\/\/api.w.org\/{rel}","templated":true}]}}