{"id":2155,"date":"2024-07-19T17:21:26","date_gmt":"2024-07-19T20:21:26","guid":{"rendered":"https:\/\/electroeficiencia.cl\/?post_type=product&#038;p=2155"},"modified":"2024-07-19T17:22:35","modified_gmt":"2024-07-19T20:22:35","slug":"proyector-led-solar-2100lm-6500k","status":"publish","type":"product","link":"https:\/\/electroeficiencia.cl\/index.php\/producto\/proyector-led-solar-2100lm-6500k\/","title":{"rendered":"PROYECTOR LED SOLAR 2100LM 6500K"},"content":{"rendered":"","protected":false},"excerpt":{"rendered":"<ul>\n<li>Proyector funciona con energ\u00eda solar y es resistente a la intemperie por lo que es perfecta para la iluminaci\u00f3n de seguridad.\n<p><strong>El paquete incluye:<\/strong><\/p>\n<p>1 x Proyector<br \/>\n1 x panel solar<br \/>\n1 x control remoto<\/p>\n<ul>\n<li><strong>Potencia Proyector:<\/strong>\u00a02100 LM<\/li>\n<li><strong>Led:<\/strong>\u00a0Chip-5050 84leds<\/li>\n<li><strong>Temperatura de Color:<\/strong>\u00a06500K<\/li>\n<li><strong>Bater\u00eda<\/strong>: 3.2V\/20Ah<\/li>\n<li><strong>Distancia del control:<\/strong>\u00a05-8M<\/li>\n<li><strong>Modo de uso:<\/strong>\u00a03H-5H-8H \u2013 Autom\u00e1tico<\/li>\n<li><strong>Tiempo de carga<\/strong>: 4-6 Hrs con luz solar<\/li>\n<li><strong>Tiempo de Iluminaci\u00f3n<\/strong>: 10-12(Hr)<\/li>\n<li><strong>Material:<\/strong>\u00a0Aluminio<\/li>\n<li><strong>Resistente al Agua<\/strong>: IP65<\/li>\n<li><strong>Dimensiones del panel<\/strong>: 390*300*15MM<\/li>\n<li><strong>Dimensiones proyector<\/strong>: 312*285*45MM<\/li>\n<li><strong>Control Remoto:<\/strong>\u00a0Ajuste de hora, Control de la luz, Brillo completo y modo de brillo medio<\/li>\n<\/ul>\n<p><strong>Importante:<\/strong>\u00a0<em>El brillo depende de cu\u00e1nto se cargue bajo el sol durante el d\u00eda, si est\u00e1 nublado, la bater\u00eda de la luz solar no podr\u00e1 cargarse por completo.<\/em><\/li>\n<\/ul>\n","protected":false},"featured_media":2142,"comment_status":"closed","ping_status":"closed","template":"","meta":{"_kad_post_transparent":"default","_kad_post_title":"","_kad_post_layout":"default","_kad_post_sidebar_id":"","_kad_post_content_style":"default","_kad_post_vertical_padding":"default","_kad_post_feature":"","_kad_post_feature_position":"","_kad_post_header":false,"_kad_post_footer":false,"_kad_post_classname":"","_joinchat":[]},"product_brand":[],"product_cat":[49,45],"product_tag":[51],"class_list":{"0":"post-2155","1":"product","2":"type-product","3":"status-publish","4":"has-post-thumbnail","6":"product_cat-iluminacion-led-solar","7":"product_cat-led-jardin-y-exteriores","8":"product_tag-ampolleta-led","10":"first","11":"instock","12":"taxable","13":"shipping-taxable","14":"product-type-simple","15":"entry","16":"content-bg","17":"loop-entry"},"_links":{"self":[{"href":"https:\/\/electroeficiencia.cl\/index.php\/wp-json\/wp\/v2\/product\/2155","targetHints":{"allow":["GET"]}}],"collection":[{"href":"https:\/\/electroeficiencia.cl\/index.php\/wp-json\/wp\/v2\/product"}],"about":[{"href":"https:\/\/electroeficiencia.cl\/index.php\/wp-json\/wp\/v2\/types\/product"}],"replies":[{"embeddable":true,"href":"https:\/\/electroeficiencia.cl\/index.php\/wp-json\/wp\/v2\/comments?post=2155"}],"wp:featuredmedia":[{"embeddable":true,"href":"https:\/\/electroeficiencia.cl\/index.php\/wp-json\/wp\/v2\/media\/2142"}],"wp:attachment":[{"href":"https:\/\/electroeficiencia.cl\/index.php\/wp-json\/wp\/v2\/media?parent=2155"}],"wp:term":[{"taxonomy":"product_brand","embeddable":true,"href":"https:\/\/electroeficiencia.cl\/index.php\/wp-json\/wp\/v2\/product_brand?post=2155"},{"taxonomy":"product_cat","embeddable":true,"href":"https:\/\/electroeficiencia.cl\/index.php\/wp-json\/wp\/v2\/product_cat?post=2155"},{"taxonomy":"product_tag","embeddable":true,"href":"https:\/\/electroeficiencia.cl\/index.php\/wp-json\/wp\/v2\/product_tag?post=2155"}],"curies":[{"name":"wp","href":"https:\/\/api.w.org\/{rel}","templated":true}]}}