{"id":2458,"date":"2024-11-05T17:02:29","date_gmt":"2024-11-05T20:02:29","guid":{"rendered":"https:\/\/electroeficiencia.cl\/?post_type=product&#038;p=2458"},"modified":"2025-08-08T18:16:36","modified_gmt":"2025-08-08T21:16:36","slug":"ventilador-inteligente-aerolite","status":"publish","type":"product","link":"https:\/\/electroeficiencia.cl\/index.php\/producto\/ventilador-inteligente-aerolite\/","title":{"rendered":"Ventilador Inteligente AeroLite"},"content":{"rendered":"<p>Ventilador Inteligente AeroLite<\/p>\n<p>La luz del ventilador de techo combina las funciones de un ventilador de techo, una l\u00e1mpara y un atenuador, un dise\u00f1o innovador que resuelve m\u00faltiples necesidades.<\/p>\n<p>3 Velocidades De Ventilador, 3 Ajustes De Temporizador,<br \/>\nL\u00e1mpara de 3 tonos de color de luz: fr\u00eda, c\u00e1lida y neutra. A la l\u00e1mpara le puedes bajar o subir la intensidad de la luz y el color.<br \/>\nApto para la habitaci\u00f3n de los ni\u00f1os, sala de estar, el dormitorio y la guarder\u00eda.<\/p>\n<p>Caracter\u00edsticas:<br \/>\n<strong>Base:<\/strong> E27<br \/>\n<strong>Voltaje de entrada:<\/strong> 85V- 265V<br \/>\n<strong>Frecuencia:<\/strong> 50\/60Hz<br \/>\n<strong>Potencia:<\/strong> 30W<br \/>\n<strong>CCT:<\/strong> 3000K &#8211; 6500K<br \/>\n<strong>Velocidad del viento:<\/strong> Viento suave\/ Viento de velocidad media\/ Viento fuerte.<br \/>\n<strong>Modo de control:<\/strong> Control remoto\/ Interruptor de pared.<\/p>\n<p><strong>Aplicaci\u00f3n<\/strong> Appliance Smart<\/p>\n","protected":false},"excerpt":{"rendered":"<p>La luz del ventilador de techo combina las funciones de un ventilador de techo, una l\u00e1mpara y un atenuador, un dise\u00f1o innovador que resuelve m\u00faltiples necesidades.<\/p>\n<p>3 Velocidades De Ventilador, 3 Ajustes De Temporizador,<br \/>\nL\u00e1mpara de 3 tonos de color de luz: fr\u00eda, c\u00e1lida y neutra. A la l\u00e1mpara le puedes bajar o subir la intensidad de la luz y el color.<br \/>\nApto para la habitaci\u00f3n de los ni\u00f1os, sala de estar, el dormitorio y la guarder\u00eda.<\/p>\n","protected":false},"featured_media":2463,"comment_status":"closed","ping_status":"closed","template":"","meta":{"_kad_post_transparent":"default","_kad_post_title":"","_kad_post_layout":"default","_kad_post_sidebar_id":"","_kad_post_content_style":"default","_kad_post_vertical_padding":"default","_kad_post_feature":"","_kad_post_feature_position":"","_kad_post_header":false,"_kad_post_footer":false,"_kad_post_classname":"","_joinchat":[]},"product_brand":[],"product_cat":[63],"product_tag":[65,64],"class_list":{"0":"post-2458","1":"product","2":"type-product","3":"status-publish","4":"has-post-thumbnail","6":"product_cat-ventiladores","7":"product_tag-barra-ajustable","8":"product_tag-ventilador","10":"first","11":"instock","12":"sale","13":"taxable","14":"shipping-taxable","15":"purchasable","16":"product-type-simple","17":"entry","18":"content-bg","19":"loop-entry"},"_links":{"self":[{"href":"https:\/\/electroeficiencia.cl\/index.php\/wp-json\/wp\/v2\/product\/2458","targetHints":{"allow":["GET"]}}],"collection":[{"href":"https:\/\/electroeficiencia.cl\/index.php\/wp-json\/wp\/v2\/product"}],"about":[{"href":"https:\/\/electroeficiencia.cl\/index.php\/wp-json\/wp\/v2\/types\/product"}],"replies":[{"embeddable":true,"href":"https:\/\/electroeficiencia.cl\/index.php\/wp-json\/wp\/v2\/comments?post=2458"}],"wp:featuredmedia":[{"embeddable":true,"href":"https:\/\/electroeficiencia.cl\/index.php\/wp-json\/wp\/v2\/media\/2463"}],"wp:attachment":[{"href":"https:\/\/electroeficiencia.cl\/index.php\/wp-json\/wp\/v2\/media?parent=2458"}],"wp:term":[{"taxonomy":"product_brand","embeddable":true,"href":"https:\/\/electroeficiencia.cl\/index.php\/wp-json\/wp\/v2\/product_brand?post=2458"},{"taxonomy":"product_cat","embeddable":true,"href":"https:\/\/electroeficiencia.cl\/index.php\/wp-json\/wp\/v2\/product_cat?post=2458"},{"taxonomy":"product_tag","embeddable":true,"href":"https:\/\/electroeficiencia.cl\/index.php\/wp-json\/wp\/v2\/product_tag?post=2458"}],"curies":[{"name":"wp","href":"https:\/\/api.w.org\/{rel}","templated":true}]}}