{"id":2465,"date":"2024-11-05T17:21:46","date_gmt":"2024-11-05T20:21:46","guid":{"rendered":"https:\/\/electroeficiencia.cl\/?post_type=product&#038;p=2465"},"modified":"2025-08-08T18:16:23","modified_gmt":"2025-08-08T21:16:23","slug":"ventilador-inteligente-ventilux","status":"publish","type":"product","link":"https:\/\/electroeficiencia.cl\/index.php\/producto\/ventilador-inteligente-ventilux\/","title":{"rendered":"Ventilador Inteligente VentiLux"},"content":{"rendered":"<p>Ventilador Inteligente VentiLux<\/p>\n<p>Caracter\u00edsticas:<\/p>\n<ul>\n<li><strong>Base:<\/strong> E27, compatible con la mayor\u00eda de las l\u00e1mparas y sistemas de iluminaci\u00f3n est\u00e1ndar.<\/li>\n<li><strong>Voltaje de Entrada:<\/strong> 85V &#8211; 265V<\/li>\n<li><strong>Frecuencia:<\/strong> 50\/60Hz, ideal para ser utilizado en diversas aplicaciones, tanto en sistemas el\u00e9ctricos europeos como americanos.<\/li>\n<li><strong>Potencia:<\/strong> 40W, ofreciendo un excelente equilibrio entre rendimiento lum\u00ednico y eficiencia energ\u00e9tica.<\/li>\n<li><strong>Temperatura de Color (CCT):<\/strong> Ajustable de <strong>3000K a 6500K<\/strong>, permitiendo seleccionar la luz c\u00e1lida (3000K) para ambientes acogedores o luz fr\u00eda (6500K) para una iluminaci\u00f3n m\u00e1s brillante y energ\u00e9tica.<\/li>\n<li><strong>Velocidad del Viento:<\/strong> Tres niveles ajustables para personalizar la circulaci\u00f3n del aire seg\u00fan tus necesidades: <strong>Viento suave<\/strong>, <strong>Viento de velocidad media<\/strong> y <strong>Viento fuerte<\/strong>.<\/li>\n<li><strong>Modo de Control:<\/strong> Puedes controlar la l\u00e1mpara de manera conveniente a trav\u00e9s de <strong>control remoto<\/strong> o <strong>interruptor de pared<\/strong>, brindando opciones flexibles para su uso.<\/li>\n<li><strong>Aplicaci\u00f3n<\/strong> Appliance Smart<\/li>\n<\/ul>\n","protected":false},"excerpt":{"rendered":"<p>La luz del ventilador de techo combina las funciones de un ventilador de techo, una l\u00e1mpara y un atenuador, un dise\u00f1o innovador que resuelve m\u00faltiples necesidades.<\/p>\n<p>&nbsp;<\/p>\n","protected":false},"featured_media":2466,"comment_status":"closed","ping_status":"closed","template":"","meta":{"_kad_post_transparent":"default","_kad_post_title":"","_kad_post_layout":"default","_kad_post_sidebar_id":"","_kad_post_content_style":"default","_kad_post_vertical_padding":"default","_kad_post_feature":"","_kad_post_feature_position":"","_kad_post_header":false,"_kad_post_footer":false,"_kad_post_classname":"","_joinchat":[]},"product_brand":[],"product_cat":[63],"product_tag":[65,64],"class_list":{"0":"post-2465","1":"product","2":"type-product","3":"status-publish","4":"has-post-thumbnail","6":"product_cat-ventiladores","7":"product_tag-barra-ajustable","8":"product_tag-ventilador","10":"first","11":"instock","12":"sale","13":"taxable","14":"shipping-taxable","15":"purchasable","16":"product-type-simple","17":"entry","18":"content-bg","19":"loop-entry"},"_links":{"self":[{"href":"https:\/\/electroeficiencia.cl\/index.php\/wp-json\/wp\/v2\/product\/2465","targetHints":{"allow":["GET"]}}],"collection":[{"href":"https:\/\/electroeficiencia.cl\/index.php\/wp-json\/wp\/v2\/product"}],"about":[{"href":"https:\/\/electroeficiencia.cl\/index.php\/wp-json\/wp\/v2\/types\/product"}],"replies":[{"embeddable":true,"href":"https:\/\/electroeficiencia.cl\/index.php\/wp-json\/wp\/v2\/comments?post=2465"}],"wp:featuredmedia":[{"embeddable":true,"href":"https:\/\/electroeficiencia.cl\/index.php\/wp-json\/wp\/v2\/media\/2466"}],"wp:attachment":[{"href":"https:\/\/electroeficiencia.cl\/index.php\/wp-json\/wp\/v2\/media?parent=2465"}],"wp:term":[{"taxonomy":"product_brand","embeddable":true,"href":"https:\/\/electroeficiencia.cl\/index.php\/wp-json\/wp\/v2\/product_brand?post=2465"},{"taxonomy":"product_cat","embeddable":true,"href":"https:\/\/electroeficiencia.cl\/index.php\/wp-json\/wp\/v2\/product_cat?post=2465"},{"taxonomy":"product_tag","embeddable":true,"href":"https:\/\/electroeficiencia.cl\/index.php\/wp-json\/wp\/v2\/product_tag?post=2465"}],"curies":[{"name":"wp","href":"https:\/\/api.w.org\/{rel}","templated":true}]}}