{"id":2469,"date":"2024-11-05T17:25:28","date_gmt":"2024-11-05T20:25:28","guid":{"rendered":"https:\/\/electroeficiencia.cl\/?post_type=product&#038;p=2469"},"modified":"2025-08-08T18:16:11","modified_gmt":"2025-08-08T21:16:11","slug":"ventilador-inteligente-lumifan","status":"publish","type":"product","link":"https:\/\/electroeficiencia.cl\/index.php\/producto\/ventilador-inteligente-lumifan\/","title":{"rendered":"Ventilador Inteligente LumiFan"},"content":{"rendered":"<p>Ventilador Inteligente LumiFan<\/p>\n<p><strong>Caracter\u00edsticas Principales:<\/strong><\/p>\n<ul>\n<li><strong>Base:<\/strong> E27, compatible con una amplia gama de portal\u00e1mparas.<\/li>\n<li><strong>Voltaje de Entrada:<\/strong> 85V &#8211; 265V, apta para distintos rangos de tensi\u00f3n en redes el\u00e9ctricas dom\u00e9sticas.<\/li>\n<li><strong>Frecuencia:<\/strong> 50\/60Hz, cubriendo tanto redes de corriente alterna comunes en Europa como en Am\u00e9rica.<\/li>\n<li><strong>Potencia:<\/strong> 20.5W, ofreciendo una excelente eficiencia energ\u00e9tica en comparaci\u00f3n con las l\u00e1mparas tradicionales.<\/li>\n<li><strong>Flujo Luminoso:<\/strong> De 249 a 2000 l\u00famenes, lo que permite ajustarse a diferentes necesidades de iluminaci\u00f3n, desde ambientes m\u00e1s suaves hasta una iluminaci\u00f3n brillante y potente.<\/li>\n<li><strong>Aplicaci\u00f3n<\/strong> Appliance Smart Ideal para <em style=\"font-family: var(--global-body-font-family);\">Home Lighting<\/em><span style=\"font-family: var(--global-body-font-family);\">, perfecta para iluminar espacios interiores como salas, comedores, cocinas y dormitorios.<\/span><\/li>\n<li><strong>Tama\u00f1o:<\/strong> Con un <strong>alto de 172 mm<\/strong> y un <strong>di\u00e1metro de 250 mm<\/strong>, esta l\u00e1mpara cuenta con un dise\u00f1o compacto y moderno, adecuado para la mayor\u00eda de los dise\u00f1os de interiores.<\/li>\n<\/ul>\n<p><strong>Ventajas:<\/strong><\/p>\n<ul>\n<li>Ahorro energ\u00e9tico, con una potente salida de luz utilizando solo 20.5W.<\/li>\n<li>Larga vida \u00fatil, reduciendo la necesidad de reemplazos frecuentes.<\/li>\n<li>Versatilidad para instalarse en diferentes tipos de espacios y luminarias.<\/li>\n<\/ul>\n","protected":false},"excerpt":{"rendered":"<p>Esta l\u00e1mpara LED, dise\u00f1ada para ofrecer una iluminaci\u00f3n eficiente y duradera, es ideal para aplicaciones de <em>Home Lighting<\/em>. Con una base E27 est\u00e1ndar, se adapta f\u00e1cilmente a la mayor\u00eda de las instalaciones dom\u00e9sticas.<\/p>\n","protected":false},"featured_media":2597,"comment_status":"closed","ping_status":"closed","template":"","meta":{"_kad_post_transparent":"default","_kad_post_title":"","_kad_post_layout":"default","_kad_post_sidebar_id":"","_kad_post_content_style":"default","_kad_post_vertical_padding":"default","_kad_post_feature":"","_kad_post_feature_position":"","_kad_post_header":false,"_kad_post_footer":false,"_kad_post_classname":"","_joinchat":[]},"product_brand":[],"product_cat":[63],"product_tag":[65,64],"class_list":{"0":"post-2469","1":"product","2":"type-product","3":"status-publish","4":"has-post-thumbnail","6":"product_cat-ventiladores","7":"product_tag-barra-ajustable","8":"product_tag-ventilador","10":"first","11":"instock","12":"sale","13":"taxable","14":"shipping-taxable","15":"purchasable","16":"product-type-simple","17":"entry","18":"content-bg","19":"loop-entry"},"_links":{"self":[{"href":"https:\/\/electroeficiencia.cl\/index.php\/wp-json\/wp\/v2\/product\/2469","targetHints":{"allow":["GET"]}}],"collection":[{"href":"https:\/\/electroeficiencia.cl\/index.php\/wp-json\/wp\/v2\/product"}],"about":[{"href":"https:\/\/electroeficiencia.cl\/index.php\/wp-json\/wp\/v2\/types\/product"}],"replies":[{"embeddable":true,"href":"https:\/\/electroeficiencia.cl\/index.php\/wp-json\/wp\/v2\/comments?post=2469"}],"wp:featuredmedia":[{"embeddable":true,"href":"https:\/\/electroeficiencia.cl\/index.php\/wp-json\/wp\/v2\/media\/2597"}],"wp:attachment":[{"href":"https:\/\/electroeficiencia.cl\/index.php\/wp-json\/wp\/v2\/media?parent=2469"}],"wp:term":[{"taxonomy":"product_brand","embeddable":true,"href":"https:\/\/electroeficiencia.cl\/index.php\/wp-json\/wp\/v2\/product_brand?post=2469"},{"taxonomy":"product_cat","embeddable":true,"href":"https:\/\/electroeficiencia.cl\/index.php\/wp-json\/wp\/v2\/product_cat?post=2469"},{"taxonomy":"product_tag","embeddable":true,"href":"https:\/\/electroeficiencia.cl\/index.php\/wp-json\/wp\/v2\/product_tag?post=2469"}],"curies":[{"name":"wp","href":"https:\/\/api.w.org\/{rel}","templated":true}]}}