{"id":2473,"date":"2024-11-07T16:28:44","date_gmt":"2024-11-07T19:28:44","guid":{"rendered":"https:\/\/electroeficiencia.cl\/?post_type=product&#038;p=2473"},"modified":"2025-08-08T18:15:43","modified_gmt":"2025-08-08T21:15:43","slug":"ventilador-inteligente-breeza","status":"publish","type":"product","link":"https:\/\/electroeficiencia.cl\/index.php\/producto\/ventilador-inteligente-breeza\/","title":{"rendered":"Ventilador Inteligente Breeza"},"content":{"rendered":"<p>Ventilador Inteligente Breeza<\/p>\n<ul>\n<li><strong>Voltaje de Entrada:<\/strong> 220V &#8211; 240V, adecuado para las redes el\u00e9ctricas est\u00e1ndar en la mayor\u00eda de los hogares y oficinas.<\/li>\n<li><strong>Potencia M\u00e1xima:<\/strong> 55W (LED 40W + Ventilador 15W), brindando un equilibrio ideal entre una potente iluminaci\u00f3n y un ventilador eficiente, todo con un bajo consumo energ\u00e9tico.<\/li>\n<li><strong>Flujo Luminoso:<\/strong> 3700 l\u00famenes, proporcionando una iluminaci\u00f3n brillante y uniforme, perfecta para cualquier ambiente, con un \u00edndice de reproducci\u00f3n crom\u00e1tica de <strong>80 Ra<\/strong> que asegura colores naturales y n\u00edtidos.<\/li>\n<li><strong>Di\u00e1metro:<\/strong> 480mm, lo que proporciona una cobertura adecuada de luz y aire, apta para espacios de tama\u00f1o medio a grande.<\/li>\n<li><strong>Velocidad del Ventilador:<\/strong> 1120 revoluciones por minuto (rpm), ofreciendo un flujo de aire potente y silencioso para mantener el ambiente fresco y agradable.<\/li>\n<li><strong>Ajuste de Color de Luz (CCT Adjustable):<\/strong> La l\u00e1mpara es <em>dimmable<\/em> y permite ajustar el color de la luz entre <strong>3000K (luz c\u00e1lida)<\/strong>, <strong>4500K (luz neutra)<\/strong> y <strong>6000K (luz fr\u00eda)<\/strong>, adapt\u00e1ndose a tus necesidades de iluminaci\u00f3n en todo momento.<\/li>\n<li><strong>Velocidades del Ventilador:<\/strong> Cuenta con <strong>6 niveles de velocidad<\/strong>, controlando la circulaci\u00f3n de aire de manera precisa gracias a su motor el\u00e9ctrico DC eficiente y de bajo consumo.<\/li>\n<li>Dimeable,se puede ajustar color entre luz calido,neutro,luz fria, cct adjustable ,3000k-6000k, 6 velocidades del ventilador motor electrico dc<\/li>\n<li><strong>Aplicaci\u00f3n<\/strong> Appliance Smart<\/li>\n<\/ul>\n","protected":false},"excerpt":{"rendered":"<p>La l\u00e1mpara LED con ventilador integrado es la soluci\u00f3n perfecta para aquellos que buscan combinar iluminaci\u00f3n eficiente y ventilaci\u00f3n de alta calidad en un solo dispositivo. Ideal para salones, dormitorios, oficinas y espacios de trabajo, este producto innovador ofrece un excelente rendimiento lum\u00ednico y una circulaci\u00f3n de aire \u00f3ptima.<\/p>\n","protected":false},"featured_media":2474,"comment_status":"closed","ping_status":"closed","template":"","meta":{"_kad_post_transparent":"default","_kad_post_title":"","_kad_post_layout":"default","_kad_post_sidebar_id":"","_kad_post_content_style":"default","_kad_post_vertical_padding":"default","_kad_post_feature":"","_kad_post_feature_position":"","_kad_post_header":false,"_kad_post_footer":false,"_kad_post_classname":"","_joinchat":[]},"product_brand":[],"product_cat":[63],"product_tag":[65,64],"class_list":{"0":"post-2473","1":"product","2":"type-product","3":"status-publish","4":"has-post-thumbnail","6":"product_cat-ventiladores","7":"product_tag-barra-ajustable","8":"product_tag-ventilador","10":"first","11":"instock","12":"sale","13":"taxable","14":"shipping-taxable","15":"purchasable","16":"product-type-simple","17":"entry","18":"content-bg","19":"loop-entry"},"_links":{"self":[{"href":"https:\/\/electroeficiencia.cl\/index.php\/wp-json\/wp\/v2\/product\/2473","targetHints":{"allow":["GET"]}}],"collection":[{"href":"https:\/\/electroeficiencia.cl\/index.php\/wp-json\/wp\/v2\/product"}],"about":[{"href":"https:\/\/electroeficiencia.cl\/index.php\/wp-json\/wp\/v2\/types\/product"}],"replies":[{"embeddable":true,"href":"https:\/\/electroeficiencia.cl\/index.php\/wp-json\/wp\/v2\/comments?post=2473"}],"wp:featuredmedia":[{"embeddable":true,"href":"https:\/\/electroeficiencia.cl\/index.php\/wp-json\/wp\/v2\/media\/2474"}],"wp:attachment":[{"href":"https:\/\/electroeficiencia.cl\/index.php\/wp-json\/wp\/v2\/media?parent=2473"}],"wp:term":[{"taxonomy":"product_brand","embeddable":true,"href":"https:\/\/electroeficiencia.cl\/index.php\/wp-json\/wp\/v2\/product_brand?post=2473"},{"taxonomy":"product_cat","embeddable":true,"href":"https:\/\/electroeficiencia.cl\/index.php\/wp-json\/wp\/v2\/product_cat?post=2473"},{"taxonomy":"product_tag","embeddable":true,"href":"https:\/\/electroeficiencia.cl\/index.php\/wp-json\/wp\/v2\/product_tag?post=2473"}],"curies":[{"name":"wp","href":"https:\/\/api.w.org\/{rel}","templated":true}]}}