{"id":2485,"date":"2024-12-09T20:11:10","date_gmt":"2024-12-09T23:11:10","guid":{"rendered":"https:\/\/electroeficiencia.cl\/?post_type=product&#038;p=2485"},"modified":"2025-06-01T22:38:31","modified_gmt":"2025-06-02T01:38:31","slug":"cinta-led-cob-220-ip65","status":"publish","type":"product","link":"https:\/\/electroeficiencia.cl\/index.php\/producto\/cinta-led-cob-220-ip65\/","title":{"rendered":"Cinta Led Cob 220 Ip65 C\u00e1lido 3000K"},"content":{"rendered":"<p>Cinta Led Cob 220 Ip65 C\u00e1lido 3000K<\/p>\n<p>Potencia por mts de 10w\/m<br \/>\nVoltaje de entrada de220v<br \/>\nTemperatura de color de 3000k c\u00e1lido<br \/>\nRollo de 100mts<br \/>\nProtecci\u00f3n ip 65<br \/>\nLeds cob 360 leds\/mts<br \/>\nTemperatura trabajo de -20\/50c\u00b0<br \/>\nLuz continua directa a 220v, dimeable o fija.<br \/>\nSe puede cortar cada 20cm.<br \/>\nLed con alto brillo sin \u00e1reas oscuras.<\/p>\n<p>&nbsp;<\/p>\n","protected":false},"excerpt":{"rendered":"<p><strong>*1 unidad corresponde a 1 metro de cinta<\/strong><\/p>\n<p>Esta tira LED COB es la soluci\u00f3n ideal para quienes buscan una iluminaci\u00f3n eficiente, de alto rendimiento y sin \u00e1reas oscuras. Perfecta para proyectos de iluminaci\u00f3n en interiores y exteriores, gracias a su alto brillo, protecci\u00f3n IP65 y versatilidad. Su dise\u00f1o\u00a0permite ajustarse a diferentes necesidades de iluminaci\u00f3n, mientras que su capacidad para cortarse cada 20 cm facilita una instalaci\u00f3n flexible.<\/p>\n<p><a href=\"https:\/\/electroeficiencia.cl\/wp-content\/uploads\/2024\/11\/caracteristicas-02.svg\"><img decoding=\"async\" class=\"alignnone wp-image-2534\" src=\"https:\/\/electroeficiencia.cl\/wp-content\/uploads\/2024\/11\/caracteristicas-02.svg\" alt=\"\" width=\"370\" height=\"90\" \/><\/a><\/p>\n","protected":false},"featured_media":2532,"comment_status":"closed","ping_status":"closed","template":"","meta":{"_kad_post_transparent":"default","_kad_post_title":"","_kad_post_layout":"default","_kad_post_sidebar_id":"","_kad_post_content_style":"default","_kad_post_vertical_padding":"default","_kad_post_feature":"","_kad_post_feature_position":"","_kad_post_header":false,"_kad_post_footer":false,"_kad_post_classname":"","_joinchat":[]},"product_brand":[],"product_cat":[71],"product_tag":[72],"class_list":{"0":"post-2485","1":"product","2":"type-product","3":"status-publish","4":"has-post-thumbnail","6":"product_cat-cinta-led-new","7":"product_tag-cinta-led","9":"first","10":"instock","11":"taxable","12":"shipping-taxable","13":"purchasable","14":"product-type-simple","15":"entry","16":"content-bg","17":"loop-entry"},"_links":{"self":[{"href":"https:\/\/electroeficiencia.cl\/index.php\/wp-json\/wp\/v2\/product\/2485","targetHints":{"allow":["GET"]}}],"collection":[{"href":"https:\/\/electroeficiencia.cl\/index.php\/wp-json\/wp\/v2\/product"}],"about":[{"href":"https:\/\/electroeficiencia.cl\/index.php\/wp-json\/wp\/v2\/types\/product"}],"replies":[{"embeddable":true,"href":"https:\/\/electroeficiencia.cl\/index.php\/wp-json\/wp\/v2\/comments?post=2485"}],"wp:featuredmedia":[{"embeddable":true,"href":"https:\/\/electroeficiencia.cl\/index.php\/wp-json\/wp\/v2\/media\/2532"}],"wp:attachment":[{"href":"https:\/\/electroeficiencia.cl\/index.php\/wp-json\/wp\/v2\/media?parent=2485"}],"wp:term":[{"taxonomy":"product_brand","embeddable":true,"href":"https:\/\/electroeficiencia.cl\/index.php\/wp-json\/wp\/v2\/product_brand?post=2485"},{"taxonomy":"product_cat","embeddable":true,"href":"https:\/\/electroeficiencia.cl\/index.php\/wp-json\/wp\/v2\/product_cat?post=2485"},{"taxonomy":"product_tag","embeddable":true,"href":"https:\/\/electroeficiencia.cl\/index.php\/wp-json\/wp\/v2\/product_tag?post=2485"}],"curies":[{"name":"wp","href":"https:\/\/api.w.org\/{rel}","templated":true}]}}