{"id":2809,"date":"2024-12-05T17:57:27","date_gmt":"2024-12-05T20:57:27","guid":{"rendered":"https:\/\/electroeficiencia.cl\/?post_type=product&#038;p=2809"},"modified":"2025-03-14T12:19:47","modified_gmt":"2025-03-14T15:19:47","slug":"farola-led-exterior-solar","status":"publish","type":"product","link":"https:\/\/electroeficiencia.cl\/index.php\/producto\/farola-led-exterior-solar\/","title":{"rendered":"Farola LED exterior solar"},"content":{"rendered":"<p>Farola LED exterior solar<\/p>\n<p>Luz de jard\u00edn montada en la pared integrada solar de 1000 W con sensor de movimiento, control remoto, bater\u00eda grande de 4000 mAh, farola LED exterior superbrillante de ahorro de energ\u00eda para pared de patio.<\/p>\n<p>Especificaci\u00f3n:<\/p>\n<ul>\n<li>Iluminaci\u00f3n de potencia total: 13 horas<\/li>\n<li>Panel solar: 6V\/8W<\/li>\n<li>Capacidad de la bater\u00eda: 4000MAH<\/li>\n<li>Funci\u00f3n: Control de luz + control remoto + sensor de cuerpo humano<\/li>\n<li>Tama\u00f1o del cuerpo de la l\u00e1mpara: 382*198*40MM<\/li>\n<li>Tama\u00f1o del panel solar: 342*185MM<\/li>\n<li>Cuentas de l\u00e1mpara: 144 piezas\/5730<\/li>\n<li>\u00c1rea de irradiaci\u00f3n: 200 metros\u00a0cuadrados<\/li>\n<\/ul>\n","protected":false},"excerpt":{"rendered":"<p>Luz de jard\u00edn montada en la pared integrada solar de 1000 W con sensor de movimiento, control remoto, bater\u00eda grande de 4000 mAh, farola LED exterior superbrillante de ahorro de energ\u00eda para pared de patio.<\/p>\n","protected":false},"featured_media":2810,"comment_status":"closed","ping_status":"closed","template":"","meta":{"_kad_post_transparent":"default","_kad_post_title":"","_kad_post_layout":"default","_kad_post_sidebar_id":"","_kad_post_content_style":"default","_kad_post_vertical_padding":"default","_kad_post_feature":"","_kad_post_feature_position":"","_kad_post_header":false,"_kad_post_footer":false,"_kad_post_classname":"","_joinchat":[]},"product_brand":[],"product_cat":[17],"product_tag":[85,84,83,86],"class_list":{"0":"post-2809","1":"product","2":"type-product","3":"status-publish","4":"has-post-thumbnail","6":"product_cat-ampolletas-led","7":"product_tag-exterior-solar","8":"product_tag-farola-led","9":"product_tag-farola-led-exterior-solar","10":"product_tag-solar","12":"first","13":"instock","14":"sale","15":"taxable","16":"shipping-taxable","17":"purchasable","18":"product-type-simple","19":"entry","20":"content-bg","21":"loop-entry"},"_links":{"self":[{"href":"https:\/\/electroeficiencia.cl\/index.php\/wp-json\/wp\/v2\/product\/2809","targetHints":{"allow":["GET"]}}],"collection":[{"href":"https:\/\/electroeficiencia.cl\/index.php\/wp-json\/wp\/v2\/product"}],"about":[{"href":"https:\/\/electroeficiencia.cl\/index.php\/wp-json\/wp\/v2\/types\/product"}],"replies":[{"embeddable":true,"href":"https:\/\/electroeficiencia.cl\/index.php\/wp-json\/wp\/v2\/comments?post=2809"}],"wp:featuredmedia":[{"embeddable":true,"href":"https:\/\/electroeficiencia.cl\/index.php\/wp-json\/wp\/v2\/media\/2810"}],"wp:attachment":[{"href":"https:\/\/electroeficiencia.cl\/index.php\/wp-json\/wp\/v2\/media?parent=2809"}],"wp:term":[{"taxonomy":"product_brand","embeddable":true,"href":"https:\/\/electroeficiencia.cl\/index.php\/wp-json\/wp\/v2\/product_brand?post=2809"},{"taxonomy":"product_cat","embeddable":true,"href":"https:\/\/electroeficiencia.cl\/index.php\/wp-json\/wp\/v2\/product_cat?post=2809"},{"taxonomy":"product_tag","embeddable":true,"href":"https:\/\/electroeficiencia.cl\/index.php\/wp-json\/wp\/v2\/product_tag?post=2809"}],"curies":[{"name":"wp","href":"https:\/\/api.w.org\/{rel}","templated":true}]}}