{"id":370,"date":"2024-06-12T17:01:43","date_gmt":"2024-06-12T20:01:43","guid":{"rendered":"https:\/\/electroeficiencia.cl\/?post_type=product&#038;p=370"},"modified":"2024-07-19T11:36:14","modified_gmt":"2024-07-19T14:36:14","slug":"cinta-led-12v-5m-2835-120leds","status":"publish","type":"product","link":"https:\/\/electroeficiencia.cl\/index.php\/producto\/cinta-led-12v-5m-2835-120leds\/","title":{"rendered":"CINTA LED 12V 5M 2835 120LEDS"},"content":{"rendered":"","protected":false},"excerpt":{"rendered":"<div id=\"outer-wrap\" class=\"site clr\">\n<div id=\"wrap\" class=\"clr\">\n<p>&nbsp;<\/p>\n<div class=\"elementor elementor-12514 elementor-location-single post-14881 product type-product status-publish has-post-thumbnail product_cat-cinta-12v-24v product_cat-cinta-led entry has-media first instock shipping-taxable purchasable product-type-variable has-product-nav col span_1_of_3 owp-content-center owp-thumbs-layout-horizontal owp-btn-normal owp-tabs-layout-horizontal has-no-thumbnails circle-sale product\" data-elementor-type=\"product\" data-elementor-id=\"12514\" data-elementor-settings=\"[]\">\n<div class=\"elementor-section-wrap\">\n<section class=\"elementor-section elementor-top-section elementor-element elementor-element-224c177 elementor-section-boxed elementor-section-height-default elementor-section-height-default\" data-id=\"224c177\" data-element_type=\"section\">\n<div class=\"elementor-container elementor-column-gap-default\">\n<div class=\"elementor-row\">\n<div class=\"elementor-column elementor-col-50 elementor-top-column elementor-element elementor-element-c0aabcf\" data-id=\"c0aabcf\" data-element_type=\"column\">\n<div class=\"elementor-column-wrap elementor-element-populated\">\n<div class=\"elementor-widget-wrap\">\n<div class=\"elementor-element elementor-element-531b0f4 elementor-widget elementor-widget-woocommerce-product-short-description\" data-id=\"531b0f4\" data-element_type=\"widget\" data-widget_type=\"woocommerce-product-short-description.default\">\n<div class=\"elementor-widget-container\">\n<div class=\"woocommerce-product-details__short-description\">\n<ul>\n<li><strong>LED:<\/strong> SMD de\u00a02835 120LEDS\u00a0 superbrillante , alta intensidad y fiabilidad.<\/li>\n<li><strong>Larga vida \u00fatil:<\/strong>\u00a050.000 horas<\/li>\n<li><strong>Cinta:<\/strong> Flexible para curvas<\/li>\n<li>Extensi\u00f3n totalmente suave e uniforme de la luz, solucionando el problema luminoso desigual<\/li>\n<li>Ultrabrillante pero funcionando a baja temperatura<\/li>\n<li><strong>Bajo consumo de energ\u00eda<\/strong><\/li>\n<li><strong>Emita Color<\/strong>: blanco 3000K\/ blanco neutro 4000K \/blanco c\u00e1lido 6500K<\/li>\n<li><strong>Tasa de protecci\u00f3n<\/strong>: resistente al agua IP20<\/li>\n<li><strong>Voltaje de funcionamiento<\/strong>: 12V DC<\/li>\n<\/ul>\n<p>&nbsp;<\/p>\n<p><strong>Aplicaci\u00f3n\u00a0<\/strong><\/p>\n<ul>\n<li>Idea para la decoraci\u00f3n de contornos de construcci\u00f3n, iluminaci\u00f3n del paisaje, temas de diversi\u00f3n.<\/li>\n<li>Escultura de luz de vacaciones, figura decorativa, signos activos, pantallas, ventanas de tienda.<\/li>\n<li>Y escaparates, bar, club nocturno, calle, acera, cubierta, parque, porche, escalera, barandilla, techo o camino de entrada.<\/li>\n<\/ul>\n<\/div>\n<\/div>\n<\/div>\n<\/div>\n<\/div>\n<\/div>\n<\/div>\n<\/div>\n<\/section>\n<\/div>\n<\/div>\n<p>&nbsp;<\/p>\n<\/div>\n<\/div>\n","protected":false},"featured_media":2054,"comment_status":"closed","ping_status":"closed","template":"","meta":{"_kad_post_transparent":"default","_kad_post_title":"","_kad_post_layout":"default","_kad_post_sidebar_id":"","_kad_post_content_style":"default","_kad_post_vertical_padding":"default","_kad_post_feature":"","_kad_post_feature_position":"","_kad_post_header":false,"_kad_post_footer":false,"_kad_post_classname":"","_joinchat":[]},"product_brand":[],"product_cat":[42,38],"product_tag":[51],"class_list":{"0":"post-370","1":"product","2":"type-product","3":"status-publish","4":"has-post-thumbnail","6":"product_cat-cinta-12-24v","7":"product_cat-cinta-led","8":"product_tag-ampolleta-led","10":"first","11":"instock","12":"taxable","13":"shipping-taxable","14":"product-type-simple","15":"entry","16":"content-bg","17":"loop-entry"},"_links":{"self":[{"href":"https:\/\/electroeficiencia.cl\/index.php\/wp-json\/wp\/v2\/product\/370","targetHints":{"allow":["GET"]}}],"collection":[{"href":"https:\/\/electroeficiencia.cl\/index.php\/wp-json\/wp\/v2\/product"}],"about":[{"href":"https:\/\/electroeficiencia.cl\/index.php\/wp-json\/wp\/v2\/types\/product"}],"replies":[{"embeddable":true,"href":"https:\/\/electroeficiencia.cl\/index.php\/wp-json\/wp\/v2\/comments?post=370"}],"wp:featuredmedia":[{"embeddable":true,"href":"https:\/\/electroeficiencia.cl\/index.php\/wp-json\/wp\/v2\/media\/2054"}],"wp:attachment":[{"href":"https:\/\/electroeficiencia.cl\/index.php\/wp-json\/wp\/v2\/media?parent=370"}],"wp:term":[{"taxonomy":"product_brand","embeddable":true,"href":"https:\/\/electroeficiencia.cl\/index.php\/wp-json\/wp\/v2\/product_brand?post=370"},{"taxonomy":"product_cat","embeddable":true,"href":"https:\/\/electroeficiencia.cl\/index.php\/wp-json\/wp\/v2\/product_cat?post=370"},{"taxonomy":"product_tag","embeddable":true,"href":"https:\/\/electroeficiencia.cl\/index.php\/wp-json\/wp\/v2\/product_tag?post=370"}],"curies":[{"name":"wp","href":"https:\/\/api.w.org\/{rel}","templated":true}]}}