{"id":371,"date":"2024-06-12T17:04:29","date_gmt":"2024-06-12T20:04:29","guid":{"rendered":"https:\/\/electroeficiencia.cl\/?post_type=product&#038;p=371"},"modified":"2024-07-19T11:36:35","modified_gmt":"2024-07-19T14:36:35","slug":"cinta-led-cob-12v-320leds-9-5w-m-5m-3000k","status":"publish","type":"product","link":"https:\/\/electroeficiencia.cl\/index.php\/producto\/cinta-led-cob-12v-320leds-9-5w-m-5m-3000k\/","title":{"rendered":"CINTA LED COB 12V 320LEDS 9.5W\/M 5M 3000K"},"content":{"rendered":"","protected":false},"excerpt":{"rendered":"<ul>\n<li><strong>LED:<\/strong> COB de 12 V\u00a0 superbrillante , alta intensidad y fiabilidad.<\/li>\n<li><strong>Larga vida \u00fatil de 50.000 horas<\/strong><\/li>\n<li><strong>CRI<\/strong>: 85<\/li>\n<li><strong>Color de Temperatura<\/strong>: 3000K<\/li>\n<li><strong>L\u00famenes<\/strong>: 1400LM\/M<\/li>\n<li><strong>Medida<\/strong>: 5M<\/li>\n<li><strong>Bajo consumo de energ\u00eda<\/strong><\/li>\n<li><strong>Emita Color<\/strong>: 3000k<\/li>\n<li><strong>Tasa de protecci\u00f3n<\/strong>: IP 20<\/li>\n<li><strong>Voltaje de funcionamiento<\/strong>: 12V DC<\/li>\n<\/ul>\n<p>&nbsp;<\/p>\n<p><strong>Aplicaci\u00f3n\u00a0<\/strong><\/p>\n<ul>\n<li>Idea para la decoraci\u00f3n de contornos de construcci\u00f3n, iluminaci\u00f3n del paisaje, temas de diversi\u00f3n.<\/li>\n<li>Escultura de luz de vacaciones, figura decorativa, signos activos, pantallas, ventanas de tienda.<\/li>\n<li>Y escaparates, bar, club nocturno, calle, acera, cubierta, parque, porche, escalera, barandilla, techo o camino de entrada.<\/li>\n<\/ul>\n","protected":false},"featured_media":2058,"comment_status":"closed","ping_status":"closed","template":"","meta":{"_kad_post_transparent":"default","_kad_post_title":"","_kad_post_layout":"default","_kad_post_sidebar_id":"","_kad_post_content_style":"default","_kad_post_vertical_padding":"default","_kad_post_feature":"","_kad_post_feature_position":"","_kad_post_header":false,"_kad_post_footer":false,"_kad_post_classname":"","_joinchat":[]},"product_brand":[],"product_cat":[42,38],"product_tag":[51],"class_list":{"0":"post-371","1":"product","2":"type-product","3":"status-publish","4":"has-post-thumbnail","6":"product_cat-cinta-12-24v","7":"product_cat-cinta-led","8":"product_tag-ampolleta-led","10":"first","11":"instock","12":"taxable","13":"shipping-taxable","14":"product-type-simple","15":"entry","16":"content-bg","17":"loop-entry"},"_links":{"self":[{"href":"https:\/\/electroeficiencia.cl\/index.php\/wp-json\/wp\/v2\/product\/371","targetHints":{"allow":["GET"]}}],"collection":[{"href":"https:\/\/electroeficiencia.cl\/index.php\/wp-json\/wp\/v2\/product"}],"about":[{"href":"https:\/\/electroeficiencia.cl\/index.php\/wp-json\/wp\/v2\/types\/product"}],"replies":[{"embeddable":true,"href":"https:\/\/electroeficiencia.cl\/index.php\/wp-json\/wp\/v2\/comments?post=371"}],"wp:featuredmedia":[{"embeddable":true,"href":"https:\/\/electroeficiencia.cl\/index.php\/wp-json\/wp\/v2\/media\/2058"}],"wp:attachment":[{"href":"https:\/\/electroeficiencia.cl\/index.php\/wp-json\/wp\/v2\/media?parent=371"}],"wp:term":[{"taxonomy":"product_brand","embeddable":true,"href":"https:\/\/electroeficiencia.cl\/index.php\/wp-json\/wp\/v2\/product_brand?post=371"},{"taxonomy":"product_cat","embeddable":true,"href":"https:\/\/electroeficiencia.cl\/index.php\/wp-json\/wp\/v2\/product_cat?post=371"},{"taxonomy":"product_tag","embeddable":true,"href":"https:\/\/electroeficiencia.cl\/index.php\/wp-json\/wp\/v2\/product_tag?post=371"}],"curies":[{"name":"wp","href":"https:\/\/api.w.org\/{rel}","templated":true}]}}