{"id":439,"date":"2024-06-12T18:06:18","date_gmt":"2024-06-12T21:06:18","guid":{"rendered":"https:\/\/electroeficiencia.cl\/?post_type=product&#038;p=439"},"modified":"2024-07-19T16:17:29","modified_gmt":"2024-07-19T19:17:29","slug":"guirnalda-led-solar-10m2-rgb","status":"publish","type":"product","link":"https:\/\/electroeficiencia.cl\/index.php\/producto\/guirnalda-led-solar-10m2-rgb\/","title":{"rendered":"GUIRNALDA LED SOLAR 10M*2 RGB"},"content":{"rendered":"","protected":false},"excerpt":{"rendered":"<ul>\n<li><strong>caracter\u00edsticas<\/strong>:<\/li>\n<\/ul>\n<p>Apariencia delicada, ligero, la instalaci\u00f3n es simple y r\u00e1pida en 2 pasos.<\/p>\n<p>Celda de gran capacidad incorporada, gran capacidad de almacenamiento, asegura un largo tiempo de espera.<\/p>\n<p>Perno en negrita y alargado, adecuado para suelos de barro, f\u00e1cil de instalar y no es f\u00e1cil de da\u00f1ar.<\/p>\n<p>Alambre de cobre engrosado de 0,38 mm, duradero y no f\u00e1cil de romper, resistente a altas temperaturas.<\/p>\n<p>Nivel de protecci\u00f3n IP67 tubo, impermeable y a prueba de polvo, resistente a roturas y altas temperaturas.<\/p>\n<p>perlas de l\u00e1mpara de alto brillo, alto brillo, ahorro de energ\u00eda, larga vida \u00fatil, luminiscencia uniforme, diversidad de colores.<\/p>\n<p>8 tipos de modo de flash, 5 tipos de color de luz, brindan una experiencia visual diferente, se ajustan a los requisitos de diferentes ocasiones.<\/p>\n<p>Tubo transparente largo, buena transmisi\u00f3n de luz, lo suficientemente largo como para decorar grandes espacios, dureza, se puede doblar a voluntad.<\/p>\n<p>La luz de cadena toma pl\u00e1stico ABS como material de tubo, protecci\u00f3n del medio ambiente, resistencia a la humedad y a la corrosi\u00f3n antiara\u00f1azos.<\/p>\n<p>El chip solar ofrece impulso, carga durante el d\u00eda y luz por la noche, alta eficiencia de conversi\u00f3n, ahorro de energ\u00eda y protecci\u00f3n del medio ambiente.<\/p>\n<p><strong>Especificaciones:<\/strong><\/p>\n<p><strong>Material del tubo:<\/strong>\u00a0ABS<br \/>\n<strong>Material del alambre:<\/strong>\u00a0alambre de cobre<br \/>\n<strong>Nivel de protecci\u00f3n:<\/strong>\u00a0IP67<br \/>\n<strong>Vida \u00fatil:<\/strong>\u00a010000H<br \/>\n<strong>Color del tubo:<\/strong>\u00a0transparente<\/p>\n","protected":false},"featured_media":2109,"comment_status":"closed","ping_status":"closed","template":"","meta":{"_kad_post_transparent":"default","_kad_post_title":"","_kad_post_layout":"default","_kad_post_sidebar_id":"","_kad_post_content_style":"default","_kad_post_vertical_padding":"default","_kad_post_feature":"","_kad_post_feature_position":"","_kad_post_header":false,"_kad_post_footer":false,"_kad_post_classname":"","_joinchat":[]},"product_brand":[],"product_cat":[49,45],"product_tag":[51],"class_list":{"0":"post-439","1":"product","2":"type-product","3":"status-publish","4":"has-post-thumbnail","6":"product_cat-iluminacion-led-solar","7":"product_cat-led-jardin-y-exteriores","8":"product_tag-ampolleta-led","10":"first","11":"instock","12":"taxable","13":"shipping-taxable","14":"product-type-simple","15":"entry","16":"content-bg","17":"loop-entry"},"_links":{"self":[{"href":"https:\/\/electroeficiencia.cl\/index.php\/wp-json\/wp\/v2\/product\/439","targetHints":{"allow":["GET"]}}],"collection":[{"href":"https:\/\/electroeficiencia.cl\/index.php\/wp-json\/wp\/v2\/product"}],"about":[{"href":"https:\/\/electroeficiencia.cl\/index.php\/wp-json\/wp\/v2\/types\/product"}],"replies":[{"embeddable":true,"href":"https:\/\/electroeficiencia.cl\/index.php\/wp-json\/wp\/v2\/comments?post=439"}],"wp:featuredmedia":[{"embeddable":true,"href":"https:\/\/electroeficiencia.cl\/index.php\/wp-json\/wp\/v2\/media\/2109"}],"wp:attachment":[{"href":"https:\/\/electroeficiencia.cl\/index.php\/wp-json\/wp\/v2\/media?parent=439"}],"wp:term":[{"taxonomy":"product_brand","embeddable":true,"href":"https:\/\/electroeficiencia.cl\/index.php\/wp-json\/wp\/v2\/product_brand?post=439"},{"taxonomy":"product_cat","embeddable":true,"href":"https:\/\/electroeficiencia.cl\/index.php\/wp-json\/wp\/v2\/product_cat?post=439"},{"taxonomy":"product_tag","embeddable":true,"href":"https:\/\/electroeficiencia.cl\/index.php\/wp-json\/wp\/v2\/product_tag?post=439"}],"curies":[{"name":"wp","href":"https:\/\/api.w.org\/{rel}","templated":true}]}}