{"id":559,"date":"2024-06-13T13:23:26","date_gmt":"2024-06-13T16:23:26","guid":{"rendered":"https:\/\/electroeficiencia.cl\/?post_type=product&#038;p=559"},"modified":"2024-07-05T13:20:44","modified_gmt":"2024-07-05T16:20:44","slug":"lineal-led-eco-5070-1-2m-negro-40w","status":"publish","type":"product","link":"https:\/\/electroeficiencia.cl\/index.php\/producto\/lineal-led-eco-5070-1-2m-negro-40w\/","title":{"rendered":"LINEAL LED ECO 5070 1.2M NEGRO 40W"},"content":{"rendered":"","protected":false},"excerpt":{"rendered":"<div class=\"elementor-element elementor-element-531b0f4 elementor-widget elementor-widget-woocommerce-product-short-description\" data-id=\"531b0f4\" data-element_type=\"widget\" data-widget_type=\"woocommerce-product-short-description.default\">\n<div class=\"elementor-widget-container\">\n<div class=\"woocommerce-product-details__short-description\">\n<ul>\n<li><strong>Potencia<\/strong>: 40W<\/li>\n<li><strong>Voltaje:<\/strong>\u00a0200-240 V<\/li>\n<li><strong>Dimensiones<\/strong>\uff1a 1180MM*50MM*70MM<\/li>\n<li><strong>Flujo luminoso:<\/strong>\u00a090Lm\/w<\/li>\n<li><strong>Temperatura de color:<\/strong>\u00a04000\u00b0K<\/li>\n<li><strong>\u00cdndice de protecci\u00f3n:<\/strong>\u00a0IP20<\/li>\n<li><strong>\u00cdndice de reproducci\u00f3n crom\u00e1tica:<\/strong>\u00a090<\/li>\n<li><strong>Haz de apertura:<\/strong>\u00a0100\u00b0<\/li>\n<li><strong>Vida \u00fatil:<\/strong>\u00a025.000hs<\/li>\n<li><strong>Aplicaciones:<\/strong>\u00a0Exposiciones; cocinas; vitrinas; hoteles; comercial; decorativo; etc.<\/li>\n<\/ul>\n<\/div>\n<\/div>\n<\/div>\n","protected":false},"featured_media":1697,"comment_status":"closed","ping_status":"closed","template":"","meta":{"_kad_post_transparent":"default","_kad_post_title":"","_kad_post_layout":"default","_kad_post_sidebar_id":"","_kad_post_content_style":"default","_kad_post_vertical_padding":"default","_kad_post_feature":"","_kad_post_feature_position":"","_kad_post_header":false,"_kad_post_footer":false,"_kad_post_classname":"","_joinchat":[]},"product_brand":[],"product_cat":[21,26],"product_tag":[51],"class_list":{"0":"post-559","1":"product","2":"type-product","3":"status-publish","4":"has-post-thumbnail","6":"product_cat-iluminacion-comercial","7":"product_cat-lineal-led","8":"product_tag-ampolleta-led","10":"first","11":"instock","12":"taxable","13":"shipping-taxable","14":"product-type-simple","15":"entry","16":"content-bg","17":"loop-entry"},"_links":{"self":[{"href":"https:\/\/electroeficiencia.cl\/index.php\/wp-json\/wp\/v2\/product\/559","targetHints":{"allow":["GET"]}}],"collection":[{"href":"https:\/\/electroeficiencia.cl\/index.php\/wp-json\/wp\/v2\/product"}],"about":[{"href":"https:\/\/electroeficiencia.cl\/index.php\/wp-json\/wp\/v2\/types\/product"}],"replies":[{"embeddable":true,"href":"https:\/\/electroeficiencia.cl\/index.php\/wp-json\/wp\/v2\/comments?post=559"}],"wp:featuredmedia":[{"embeddable":true,"href":"https:\/\/electroeficiencia.cl\/index.php\/wp-json\/wp\/v2\/media\/1697"}],"wp:attachment":[{"href":"https:\/\/electroeficiencia.cl\/index.php\/wp-json\/wp\/v2\/media?parent=559"}],"wp:term":[{"taxonomy":"product_brand","embeddable":true,"href":"https:\/\/electroeficiencia.cl\/index.php\/wp-json\/wp\/v2\/product_brand?post=559"},{"taxonomy":"product_cat","embeddable":true,"href":"https:\/\/electroeficiencia.cl\/index.php\/wp-json\/wp\/v2\/product_cat?post=559"},{"taxonomy":"product_tag","embeddable":true,"href":"https:\/\/electroeficiencia.cl\/index.php\/wp-json\/wp\/v2\/product_tag?post=559"}],"curies":[{"name":"wp","href":"https:\/\/api.w.org\/{rel}","templated":true}]}}