{"id":698,"date":"2024-06-13T18:53:06","date_gmt":"2024-06-13T21:53:06","guid":{"rendered":"https:\/\/electroeficiencia.cl\/?post_type=product&#038;p=698"},"modified":"2024-07-19T16:20:51","modified_gmt":"2024-07-19T19:20:51","slug":"luminaria-publica-pro-solar-2100lm-5000k-2","status":"publish","type":"product","link":"https:\/\/electroeficiencia.cl\/index.php\/producto\/luminaria-publica-pro-solar-2100lm-5000k-2\/","title":{"rendered":"LUMINARIA PUBLICA PRO SOLAR 2100LM 5000K"},"content":{"rendered":"","protected":false},"excerpt":{"rendered":"<div class=\"elementor-element elementor-element-531b0f4 elementor-widget elementor-widget-woocommerce-product-short-description\" data-id=\"531b0f4\" data-element_type=\"widget\" data-widget_type=\"woocommerce-product-short-description.default\">\n<div class=\"elementor-widget-container\">\n<div class=\"woocommerce-product-details__short-description\">\n<div class=\"elementor-element elementor-element-531b0f4 elementor-widget elementor-widget-woocommerce-product-short-description\" data-id=\"531b0f4\" data-element_type=\"widget\" data-widget_type=\"woocommerce-product-short-description.default\">\n<div class=\"elementor-widget-container\">\n<div class=\"woocommerce-product-details__short-description\">\n<ul>\n<li><strong>El paquete incluye:<\/strong>1 x Luminaria Solar<br \/>\n1 x control remoto<\/p>\n<ul>\n<li><strong>Potencia Proyector:<\/strong>\u00a02100LM<\/li>\n<li><strong>Led:<\/strong>\u00a0Chip-3030 180leds<\/li>\n<li><strong>Temperatura de Color:<\/strong>\u00a05000K<\/li>\n<li><strong>Panel solar:<\/strong>\u00a05V\/20W<\/li>\n<li><strong>Bater\u00eda<\/strong>: 3.2V\/20Ah<\/li>\n<li><strong>Sensor de Movimiento:<\/strong>\u00a08-10m<\/li>\n<li><strong>Tiempo de carga<\/strong>: 4-6 Hrs con luz solar<\/li>\n<li><strong>Tiempo de Iluminaci\u00f3n<\/strong>: 10-12(Hr)<\/li>\n<li><strong>Material:<\/strong>\u00a0Aluminio<\/li>\n<li><strong>Resistente al Agua<\/strong>: IP65<\/li>\n<li><strong>Dimensiones<\/strong>: 67*33cm<\/li>\n<li><strong>Control Remoto:<\/strong>\u00a0Ajuste de hora, Control de la luz, Brillo completo y modo de brillo medio<\/li>\n<\/ul>\n<p><strong>Importante:<\/strong>\u00a0<em>El brillo depende de cu\u00e1nto se cargue bajo el sol durante el d\u00eda, si est\u00e1 nublado, la bater\u00eda de la luz solar no podr\u00e1 cargarse por completo.<\/em><\/li>\n<\/ul>\n<\/div>\n<\/div>\n<\/div>\n<\/div>\n<\/div>\n<\/div>\n","protected":false},"featured_media":1505,"comment_status":"closed","ping_status":"closed","template":"","meta":{"_kad_post_transparent":"","_kad_post_title":"","_kad_post_layout":"","_kad_post_sidebar_id":"","_kad_post_content_style":"","_kad_post_vertical_padding":"","_kad_post_feature":"","_kad_post_feature_position":"","_kad_post_header":false,"_kad_post_footer":false,"_kad_post_classname":"","_joinchat":[]},"product_brand":[],"product_cat":[29,49,45,32],"product_tag":[51],"class_list":{"0":"post-698","1":"product","2":"type-product","3":"status-publish","4":"has-post-thumbnail","6":"product_cat-iluminacion-industrial","7":"product_cat-iluminacion-led-solar","8":"product_cat-led-jardin-y-exteriores","9":"product_cat-luminaria-de-publico","10":"product_tag-ampolleta-led","12":"first","13":"instock","14":"taxable","15":"shipping-taxable","16":"product-type-simple","17":"entry","18":"content-bg","19":"loop-entry"},"_links":{"self":[{"href":"https:\/\/electroeficiencia.cl\/index.php\/wp-json\/wp\/v2\/product\/698","targetHints":{"allow":["GET"]}}],"collection":[{"href":"https:\/\/electroeficiencia.cl\/index.php\/wp-json\/wp\/v2\/product"}],"about":[{"href":"https:\/\/electroeficiencia.cl\/index.php\/wp-json\/wp\/v2\/types\/product"}],"replies":[{"embeddable":true,"href":"https:\/\/electroeficiencia.cl\/index.php\/wp-json\/wp\/v2\/comments?post=698"}],"wp:featuredmedia":[{"embeddable":true,"href":"https:\/\/electroeficiencia.cl\/index.php\/wp-json\/wp\/v2\/media\/1505"}],"wp:attachment":[{"href":"https:\/\/electroeficiencia.cl\/index.php\/wp-json\/wp\/v2\/media?parent=698"}],"wp:term":[{"taxonomy":"product_brand","embeddable":true,"href":"https:\/\/electroeficiencia.cl\/index.php\/wp-json\/wp\/v2\/product_brand?post=698"},{"taxonomy":"product_cat","embeddable":true,"href":"https:\/\/electroeficiencia.cl\/index.php\/wp-json\/wp\/v2\/product_cat?post=698"},{"taxonomy":"product_tag","embeddable":true,"href":"https:\/\/electroeficiencia.cl\/index.php\/wp-json\/wp\/v2\/product_tag?post=698"}],"curies":[{"name":"wp","href":"https:\/\/api.w.org\/{rel}","templated":true}]}}