{"id":86,"date":"2024-06-11T16:55:05","date_gmt":"2024-06-11T19:55:05","guid":{"rendered":"https:\/\/electroeficiencia.cl\/?post_type=product&#038;p=86"},"modified":"2024-06-11T16:56:36","modified_gmt":"2024-06-11T19:56:36","slug":"gu10-led-pro-cob-60-7w-6500k-1-ano-garantia","status":"publish","type":"product","link":"https:\/\/electroeficiencia.cl\/index.php\/producto\/gu10-led-pro-cob-60-7w-6500k-1-ano-garantia\/","title":{"rendered":"GU10 LED PRO COB 60\u00b0 7W 6500K"},"content":{"rendered":"","protected":false},"excerpt":{"rendered":"<ul>\n<li><strong>Potencia<\/strong>: 7W<\/li>\n<li><strong>Color de temperatura<\/strong>: 6500K (FRIO)<\/li>\n<li><strong>Voltaje<\/strong>: 220-240 (V)<\/li>\n<li><strong>Dimensiones<\/strong>\uff1a 49.7MM*60MM<\/li>\n<li><strong>Vida \u00fatil<\/strong>: 15000H<\/li>\n<li><strong>\u00c1ngulo de haz<\/strong>: 60\u00b0<\/li>\n<li><strong>L\u00famenes<\/strong>: \u2265680LM<\/li>\n<li><strong>Ra<\/strong>: \u226585<\/li>\n<li><strong>Factor de potencia<\/strong>: \u22650.6<\/li>\n<li><strong>Garant\u00eda: 1 A\u00d1O GARANT\u00cdA<\/strong><\/li>\n<\/ul>\n","protected":false},"featured_media":87,"comment_status":"open","ping_status":"closed","template":"","meta":{"_kad_post_transparent":"","_kad_post_title":"","_kad_post_layout":"","_kad_post_sidebar_id":"","_kad_post_content_style":"","_kad_post_vertical_padding":"","_kad_post_feature":"","_kad_post_feature_position":"","_kad_post_header":false,"_kad_post_footer":false,"_kad_post_classname":"","_joinchat":[]},"product_brand":[],"product_cat":[19,17],"product_tag":[51],"class_list":{"0":"post-86","1":"product","2":"type-product","3":"status-publish","4":"has-post-thumbnail","6":"product_cat-ampolletas-gu10","7":"product_cat-ampolletas-led","8":"product_tag-ampolleta-led","10":"first","11":"instock","12":"taxable","13":"shipping-taxable","14":"product-type-simple","15":"entry","16":"content-bg","17":"loop-entry"},"_links":{"self":[{"href":"https:\/\/electroeficiencia.cl\/index.php\/wp-json\/wp\/v2\/product\/86","targetHints":{"allow":["GET"]}}],"collection":[{"href":"https:\/\/electroeficiencia.cl\/index.php\/wp-json\/wp\/v2\/product"}],"about":[{"href":"https:\/\/electroeficiencia.cl\/index.php\/wp-json\/wp\/v2\/types\/product"}],"replies":[{"embeddable":true,"href":"https:\/\/electroeficiencia.cl\/index.php\/wp-json\/wp\/v2\/comments?post=86"}],"wp:featuredmedia":[{"embeddable":true,"href":"https:\/\/electroeficiencia.cl\/index.php\/wp-json\/wp\/v2\/media\/87"}],"wp:attachment":[{"href":"https:\/\/electroeficiencia.cl\/index.php\/wp-json\/wp\/v2\/media?parent=86"}],"wp:term":[{"taxonomy":"product_brand","embeddable":true,"href":"https:\/\/electroeficiencia.cl\/index.php\/wp-json\/wp\/v2\/product_brand?post=86"},{"taxonomy":"product_cat","embeddable":true,"href":"https:\/\/electroeficiencia.cl\/index.php\/wp-json\/wp\/v2\/product_cat?post=86"},{"taxonomy":"product_tag","embeddable":true,"href":"https:\/\/electroeficiencia.cl\/index.php\/wp-json\/wp\/v2\/product_tag?post=86"}],"curies":[{"name":"wp","href":"https:\/\/api.w.org\/{rel}","templated":true}]}}